{"id":471,"date":"2025-01-19T13:36:04","date_gmt":"2025-01-19T12:36:04","guid":{"rendered":"https:\/\/daimfactory.fr\/?post_type=product&#038;p=471"},"modified":"2025-01-19T13:36:05","modified_gmt":"2025-01-19T12:36:05","slug":"sacs-accessoires","status":"publish","type":"product","link":"https:\/\/daimfactory.fr\/index.php\/produit\/sacs-accessoires\/","title":{"rendered":"Sacs &#038; Accessoires"},"content":{"rendered":"<p><strong>Sacs &amp; Accessoires : Entretien et Restauration<\/strong><br \/>\nDaim Factory prend soin de vos sacs et accessoires en cuir ou en peau (sacs \u00e0 main, portefeuilles, ceintures, gants, etc.) gr\u00e2ce \u00e0 des services sp\u00e9cialis\u00e9s : nettoyage, restauration des couleurs, hydratation, et r\u00e9paration des mat\u00e9riaux. Chaque pi\u00e8ce est trait\u00e9e avec minutie pour lui redonner son \u00e9clat et prolonger sa dur\u00e9e de vie.<\/p>\n","protected":false},"excerpt":{"rendered":"<p>Sacs &amp; Accessoires : Entretien et Restauration Daim Factory prend soin de vos sacs et accessoires en cuir ou en peau (sacs \u00e0 main, portefeuilles, ceintures, gants, etc.) gr\u00e2ce \u00e0 des services sp\u00e9cialis\u00e9s : nettoyage, restauration des couleurs, hydratation, et r\u00e9paration des mat\u00e9riaux. Chaque pi\u00e8ce est trait\u00e9e avec minutie pour lui redonner son \u00e9clat et [&hellip;]<\/p>\n","protected":false},"featured_media":103,"template":"","meta":{"saved_in_kubio":false},"product_brand":[],"product_cat":[25],"product_tag":[],"class_list":{"0":"post-471","1":"product","2":"type-product","3":"status-publish","4":"has-post-thumbnail","6":"product_cat-sacs-accessoires","8":"first","9":"instock","10":"taxable","11":"shipping-taxable","12":"product-type-simple"},"jetpack_sharing_enabled":true,"_links":{"self":[{"href":"https:\/\/daimfactory.fr\/index.php\/wp-json\/wp\/v2\/product\/471","targetHints":{"allow":["GET"]}}],"collection":[{"href":"https:\/\/daimfactory.fr\/index.php\/wp-json\/wp\/v2\/product"}],"about":[{"href":"https:\/\/daimfactory.fr\/index.php\/wp-json\/wp\/v2\/types\/product"}],"wp:featuredmedia":[{"embeddable":true,"href":"https:\/\/daimfactory.fr\/index.php\/wp-json\/wp\/v2\/media\/103"}],"wp:attachment":[{"href":"https:\/\/daimfactory.fr\/index.php\/wp-json\/wp\/v2\/media?parent=471"}],"wp:term":[{"taxonomy":"product_brand","embeddable":true,"href":"https:\/\/daimfactory.fr\/index.php\/wp-json\/wp\/v2\/product_brand?post=471"},{"taxonomy":"product_cat","embeddable":true,"href":"https:\/\/daimfactory.fr\/index.php\/wp-json\/wp\/v2\/product_cat?post=471"},{"taxonomy":"product_tag","embeddable":true,"href":"https:\/\/daimfactory.fr\/index.php\/wp-json\/wp\/v2\/product_tag?post=471"}],"curies":[{"name":"wp","href":"https:\/\/api.w.org\/{rel}","templated":true}]}}