{"id":2,"date":"2024-12-30T13:28:43","date_gmt":"2024-12-30T12:28:43","guid":{"rendered":"http:\/\/daimfactory.fr\/?page_id=2"},"modified":"2025-02-09T11:09:53","modified_gmt":"2025-02-09T10:09:53","slug":"page-d-exemple","status":"publish","type":"page","link":"https:\/\/daimfactory.fr\/index.php\/page-d-exemple\/","title":{"rendered":"Espace client"},"content":{"rendered":"","protected":false},"excerpt":{"rendered":"","protected":false},"author":1,"featured_media":0,"parent":0,"menu_order":0,"comment_status":"closed","ping_status":"open","template":"page-espace-client-template","meta":{"saved_in_kubio":true,"footnotes":""},"class_list":["post-2","page","type-page","status-publish","hentry"],"kubio_ai_page_context":{"short_desc":"Cr\u00e9e une page web r\u00e9active et moderne pour un espace client intitul\u00e9 \"Espace Client - Daim Factory\". Cette page doit permettre aux clients de :\n\nSuivre leurs commandes :Afficher une liste des commandes pass\u00e9es, avec les informations suivantes : num\u00e9ro de commande, date, statut et montant total, d\u00e9tails d'une commande sp\u00e9cifique.\nint\u00e9grer une section de messagerie ou de chat pour \u00e9changer","purpose":"general","isFrontPage":false},"jetpack_sharing_enabled":true,"_links":{"self":[{"href":"https:\/\/daimfactory.fr\/index.php\/wp-json\/wp\/v2\/pages\/2","targetHints":{"allow":["GET"]}}],"collection":[{"href":"https:\/\/daimfactory.fr\/index.php\/wp-json\/wp\/v2\/pages"}],"about":[{"href":"https:\/\/daimfactory.fr\/index.php\/wp-json\/wp\/v2\/types\/page"}],"author":[{"embeddable":true,"href":"https:\/\/daimfactory.fr\/index.php\/wp-json\/wp\/v2\/users\/1"}],"replies":[{"embeddable":true,"href":"https:\/\/daimfactory.fr\/index.php\/wp-json\/wp\/v2\/comments?post=2"}],"version-history":[{"count":1,"href":"https:\/\/daimfactory.fr\/index.php\/wp-json\/wp\/v2\/pages\/2\/revisions"}],"predecessor-version":[{"id":407,"href":"https:\/\/daimfactory.fr\/index.php\/wp-json\/wp\/v2\/pages\/2\/revisions\/407"}],"wp:attachment":[{"href":"https:\/\/daimfactory.fr\/index.php\/wp-json\/wp\/v2\/media?parent=2"}],"curies":[{"name":"wp","href":"https:\/\/api.w.org\/{rel}","templated":true}]}}